{"id":64,"date":"2012-06-12T13:01:38","date_gmt":"2012-06-12T13:01:38","guid":{"rendered":"http:\/\/proteaslapalma.com\/?page_id=64"},"modified":"2018-07-17T13:26:39","modified_gmt":"2018-07-17T13:26:39","slug":"contactar","status":"publish","type":"page","link":"https:\/\/proteaslapalma.com\/en\/contactar\/","title":{"rendered":"CONTACT"},"content":{"rendered":"<p>[vc_row][vc_column width=&#8221;1\/2&#8243;][vc_column_text]Pr\u00f3teas de La Palma Sociedad Cooperativa<br \/>\nAvenida Europa 12 &#8211; 38710 Bre\u00f1a Alta<br \/>\nLa Palma &#8211; Canary Islands<br \/>\nTelephone: 0034 922 415 610<br \/>\nPresident: Enrique Huertas L\u00f3pez<br \/>\nComercial agents: Francisco N. Molina Gonz\u00e1lez<\/p>\n<p>We have tried to sum up in this website every bit of information regarding our crops, varieties and exports.<\/p>\n<p>For further information mail:\u00a0<a href=\"mailto:fran@proteaslapalma.com\" target=\"_blank\" rel=\"noopener\">fran@proteaslapalma.com\u00a0<\/a> or\u00a0<a href=\"mailto:proteaslapalma@proteaslapalma.com\" target=\"_blank\" rel=\"noopener\">proteaslapalma@proteaslapalma.com<\/a><\/p>\n<p>We will contact with you as soon as possible.<\/p>\n<p>[\/vc_column_text][\/vc_column][vc_column width=&#8221;1\/2&#8243;][vc_gmaps link=&#8221;#E-8_JTNDaWZyYW1lJTIwc3JjJTNEJTIyaHR0cHMlM0ElMkYlMkZ3d3cuZ29vZ2xlLmNvbSUyRm1hcHMlMkZlbWJlZCUzRnBiJTNEJTIxMW0xOCUyMTFtMTIlMjExbTMlMjExZDM1MDAuNDcxNjMyMTY1OTcyJTIxMmQtMTcuNzkyOTI4NDQ5MDQyMTI2JTIxM2QyOC42NzU1MzUxODg3OTcyOCUyMTJtMyUyMTFmMCUyMTJmMCUyMTNmMCUyMTNtMiUyMTFpMTAyNCUyMTJpNzY4JTIxNGYxMy4xJTIxM20zJTIxMW0yJTIxMXMweDAlMjUzQTB4ODA3MWMxYzIxMmE4NmVmNSUyMTJzU29jaWVkYWQlMkJDb29wZXJhdGl2YSUyQlByb3RlYXMlMjE1ZTAlMjEzbTIlMjExc2VzJTIxMnNlcyUyMTR2MTUwMTA2NzYwNTA5NSUyMiUyMHdpZHRoJTNEJTIyMTAwJTI1JTIyJTIwaGVpZ2h0JTNEJTIyNDUwcHglMjIlMjBmcmFtZWJvcmRlciUzRCUyMjAlMjIlMjBzdHlsZSUzRCUyMmJvcmRlciUzQTAlMjIlMjBhbGxvd2Z1bGxzY3JlZW4lM0UlM0MlMkZpZnJhbWUlM0U=&#8221;][\/vc_column][\/vc_row]<\/p>\n","protected":false},"excerpt":{"rendered":"<p>[vc_row][vc_column width=&#8221;1\/2&#8243;][vc_column_text]Pr\u00f3teas de La Palma Sociedad Cooperativa Avenida Europa 12 &#8211; 38710 Bre\u00f1a Alta La Palma &#8211; Canary Islands Telephone: 0034 922 415 610 President: Enrique Huertas L\u00f3pez Comercial agents: Francisco N. Molina Gonz\u00e1lez We have tried to sum up in this website every bit of information regarding our crops, varieties and exports. For further&nbsp;<\/p>\n","protected":false},"author":1,"featured_media":0,"parent":0,"menu_order":0,"comment_status":"open","ping_status":"open","template":"","meta":[],"yoast_head":"<!-- This site is optimized with the Yoast SEO plugin v19.4 - https:\/\/yoast.com\/wordpress\/plugins\/seo\/ -->\n<title>CONTACT - Proteas La Palma<\/title>\n<meta name=\"robots\" content=\"index, follow, max-snippet:-1, max-image-preview:large, max-video-preview:-1\" \/>\n<link rel=\"canonical\" href=\"https:\/\/proteaslapalma.com\/en\/contactar\/\" \/>\n<meta property=\"og:locale\" content=\"en_US\" \/>\n<meta property=\"og:type\" content=\"article\" \/>\n<meta property=\"og:title\" content=\"CONTACT - Proteas La Palma\" \/>\n<meta property=\"og:description\" content=\"[vc_row][vc_column width=&#8221;1\/2&#8243;][vc_column_text]Pr\u00f3teas de La Palma Sociedad Cooperativa Avenida Europa 12 &#8211; 38710 Bre\u00f1a Alta La Palma &#8211; Canary Islands Telephone: 0034 922 415 610 President: Enrique Huertas L\u00f3pez Comercial agents: Francisco N. Molina Gonz\u00e1lez We have tried to sum up in this website every bit of information regarding our crops, varieties and exports. For further&nbsp;\" \/>\n<meta property=\"og:url\" content=\"https:\/\/proteaslapalma.com\/en\/contactar\/\" \/>\n<meta property=\"og:site_name\" content=\"Proteas La Palma\" \/>\n<meta property=\"article:modified_time\" content=\"2018-07-17T13:26:39+00:00\" \/>\n<meta name=\"twitter:card\" content=\"summary_large_image\" \/>\n<meta name=\"twitter:label1\" content=\"Est. reading time\" \/>\n\t<meta name=\"twitter:data1\" content=\"1 minute\" \/>\n<script type=\"application\/ld+json\" class=\"yoast-schema-graph\">{\"@context\":\"https:\/\/schema.org\",\"@graph\":[{\"@type\":\"WebSite\",\"@id\":\"https:\/\/proteaslapalma.com\/#website\",\"url\":\"https:\/\/proteaslapalma.com\/\",\"name\":\"Proteas La Palma\",\"description\":\"Pr\u00f3teas de la Palma cooperativa de la Isla de La Palma, Canarias\",\"potentialAction\":[{\"@type\":\"SearchAction\",\"target\":{\"@type\":\"EntryPoint\",\"urlTemplate\":\"https:\/\/proteaslapalma.com\/?s={search_term_string}\"},\"query-input\":\"required name=search_term_string\"}],\"inLanguage\":\"en-US\"},{\"@type\":\"WebPage\",\"@id\":\"https:\/\/proteaslapalma.com\/en\/contactar\/\",\"url\":\"https:\/\/proteaslapalma.com\/en\/contactar\/\",\"name\":\"CONTACT - Proteas La Palma\",\"isPartOf\":{\"@id\":\"https:\/\/proteaslapalma.com\/#website\"},\"datePublished\":\"2012-06-12T13:01:38+00:00\",\"dateModified\":\"2018-07-17T13:26:39+00:00\",\"breadcrumb\":{\"@id\":\"https:\/\/proteaslapalma.com\/en\/contactar\/#breadcrumb\"},\"inLanguage\":\"en-US\",\"potentialAction\":[{\"@type\":\"ReadAction\",\"target\":[\"https:\/\/proteaslapalma.com\/en\/contactar\/\"]}]},{\"@type\":\"BreadcrumbList\",\"@id\":\"https:\/\/proteaslapalma.com\/en\/contactar\/#breadcrumb\",\"itemListElement\":[{\"@type\":\"ListItem\",\"position\":1,\"name\":\"Portada\",\"item\":\"https:\/\/proteaslapalma.com\/en\/\"},{\"@type\":\"ListItem\",\"position\":2,\"name\":\"CONTACT\"}]}]}<\/script>\n<!-- \/ Yoast SEO plugin. -->","yoast_head_json":{"title":"CONTACT - Proteas La Palma","robots":{"index":"index","follow":"follow","max-snippet":"max-snippet:-1","max-image-preview":"max-image-preview:large","max-video-preview":"max-video-preview:-1"},"canonical":"https:\/\/proteaslapalma.com\/en\/contactar\/","og_locale":"en_US","og_type":"article","og_title":"CONTACT - Proteas La Palma","og_description":"[vc_row][vc_column width=&#8221;1\/2&#8243;][vc_column_text]Pr\u00f3teas de La Palma Sociedad Cooperativa Avenida Europa 12 &#8211; 38710 Bre\u00f1a Alta La Palma &#8211; Canary Islands Telephone: 0034 922 415 610 President: Enrique Huertas L\u00f3pez Comercial agents: Francisco N. Molina Gonz\u00e1lez We have tried to sum up in this website every bit of information regarding our crops, varieties and exports. For further&nbsp;","og_url":"https:\/\/proteaslapalma.com\/en\/contactar\/","og_site_name":"Proteas La Palma","article_modified_time":"2018-07-17T13:26:39+00:00","twitter_card":"summary_large_image","twitter_misc":{"Est. reading time":"1 minute"},"schema":{"@context":"https:\/\/schema.org","@graph":[{"@type":"WebSite","@id":"https:\/\/proteaslapalma.com\/#website","url":"https:\/\/proteaslapalma.com\/","name":"Proteas La Palma","description":"Pr\u00f3teas de la Palma cooperativa de la Isla de La Palma, Canarias","potentialAction":[{"@type":"SearchAction","target":{"@type":"EntryPoint","urlTemplate":"https:\/\/proteaslapalma.com\/?s={search_term_string}"},"query-input":"required name=search_term_string"}],"inLanguage":"en-US"},{"@type":"WebPage","@id":"https:\/\/proteaslapalma.com\/en\/contactar\/","url":"https:\/\/proteaslapalma.com\/en\/contactar\/","name":"CONTACT - Proteas La Palma","isPartOf":{"@id":"https:\/\/proteaslapalma.com\/#website"},"datePublished":"2012-06-12T13:01:38+00:00","dateModified":"2018-07-17T13:26:39+00:00","breadcrumb":{"@id":"https:\/\/proteaslapalma.com\/en\/contactar\/#breadcrumb"},"inLanguage":"en-US","potentialAction":[{"@type":"ReadAction","target":["https:\/\/proteaslapalma.com\/en\/contactar\/"]}]},{"@type":"BreadcrumbList","@id":"https:\/\/proteaslapalma.com\/en\/contactar\/#breadcrumb","itemListElement":[{"@type":"ListItem","position":1,"name":"Portada","item":"https:\/\/proteaslapalma.com\/en\/"},{"@type":"ListItem","position":2,"name":"CONTACT"}]}]}},"_links":{"self":[{"href":"https:\/\/proteaslapalma.com\/en\/wp-json\/wp\/v2\/pages\/64"}],"collection":[{"href":"https:\/\/proteaslapalma.com\/en\/wp-json\/wp\/v2\/pages"}],"about":[{"href":"https:\/\/proteaslapalma.com\/en\/wp-json\/wp\/v2\/types\/page"}],"author":[{"embeddable":true,"href":"https:\/\/proteaslapalma.com\/en\/wp-json\/wp\/v2\/users\/1"}],"replies":[{"embeddable":true,"href":"https:\/\/proteaslapalma.com\/en\/wp-json\/wp\/v2\/comments?post=64"}],"version-history":[{"count":0,"href":"https:\/\/proteaslapalma.com\/en\/wp-json\/wp\/v2\/pages\/64\/revisions"}],"wp:attachment":[{"href":"https:\/\/proteaslapalma.com\/en\/wp-json\/wp\/v2\/media?parent=64"}],"curies":[{"name":"wp","href":"https:\/\/api.w.org\/{rel}","templated":true}]}}