{"id":521,"date":"2012-06-15T11:51:23","date_gmt":"2012-06-15T11:51:23","guid":{"rendered":"http:\/\/proteaslapalma.com\/?page_id=521"},"modified":"2012-06-15T11:51:23","modified_gmt":"2012-06-15T11:51:23","slug":"planta-para-cultivar","status":"publish","type":"page","link":"https:\/\/proteaslapalma.com\/en\/planta-para-cultivar\/","title":{"rendered":"Planta para cultivar"},"content":{"rendered":"<p>Las pr\u00f3teas son un tipo de plantas de alto valor ormamental de gran \u00e9xito en el mercado. Agrupan tres g\u00e9neros distintos: Pr\u00f3tea, Leucospermum y Leucadendron, que son los que en la actualidad se cultivan en la Isla de La Palma.<\/p>\n<p>Las pr\u00f3teas son arbustos que puede llegar a producir 60 flores, entre febrero y mayo. Ideal para peque\u00f1os jardines familiares as\u00ed como para grandes zonas ajardinadas. Floraci\u00f3n generalmente en invierno con larga duraci\u00f3n una vez cortada.<\/p>\n<p>La planta para cultivar s\u00f3lo se distribuye en el territorio espa\u00f1ol.<br \/>\nFOTO DE MACETA DE CULTIVO O VIVERO.<\/p>\n<p>&nbsp;<\/p>\n<p><strong><span style=\"color: #06721c;\"><span style=\"font-family: Arial, Verdana, Helvetica; font-size: medium;\">RECOMENDACIONES PARA SU CULTIVO:<\/span><\/span><\/strong><\/p>\n<p><span style=\"font-family: Arial, Verdana, Helvetica; font-size: small;\"><strong><span style=\"color: #06721c;\">Suelo:<\/span><\/strong>\u00a0Preferiblemente \u00e1cido y bien drenados.<\/span><\/p>\n<p><strong><span style=\"color: #06721c;\">Clima:<\/span><\/strong>\u00a0Se recomiendan climas suaves, con ausencia de veranos e inviernos extremos. Preferiblemente con temperaturas entre 5- 45 \u00baC, evitando inferiores a 0 \u00baC.<\/p>\n<p><span style=\"color: #06721c;\"><strong>Luz:<\/strong><\/span>\u00a0Deben plantarse en zonas abiertas y luminosas.<\/p>\n<p><span style=\"color: #06721c;\"><strong>Mantenimiento:<\/strong><\/span>\u00a0Es recomendable cortar las flores una vez finalizada la floraci\u00f3n, para ayudar as\u00ed a la regeneraci\u00f3n de la planta .<\/p>\n<p><span style=\"font-family: Arial, Verdana, Helvetica; font-size: small;\">Si desea comprar proteas para cultivar env\u00edenos una solicitud a trav\u00e9s del siguiente formulario:<\/span><\/p>\n<p>&nbsp;<\/p>\n<p>&nbsp;<\/p>\n","protected":false},"excerpt":{"rendered":"<p>Las pr\u00f3teas son un tipo de plantas de alto valor ormamental de gran \u00e9xito en el mercado. Agrupan tres g\u00e9neros distintos: Pr\u00f3tea, Leucospermum y Leucadendron, que son los que en la actualidad se cultivan en la Isla de La Palma. Las pr\u00f3teas son arbustos que puede llegar a producir 60 flores, entre febrero y mayo.&nbsp;<\/p>\n","protected":false},"author":1,"featured_media":0,"parent":0,"menu_order":0,"comment_status":"open","ping_status":"open","template":"page-full.php","meta":[],"yoast_head":"<!-- This site is optimized with the Yoast SEO plugin v19.4 - https:\/\/yoast.com\/wordpress\/plugins\/seo\/ -->\n<title>Planta para cultivar - Proteas La Palma<\/title>\n<meta name=\"robots\" content=\"index, follow, max-snippet:-1, max-image-preview:large, max-video-preview:-1\" \/>\n<link rel=\"canonical\" href=\"https:\/\/proteaslapalma.com\/en\/planta-para-cultivar\/\" \/>\n<meta property=\"og:locale\" content=\"en_US\" \/>\n<meta property=\"og:type\" content=\"article\" \/>\n<meta property=\"og:title\" content=\"Planta para cultivar - Proteas La Palma\" \/>\n<meta property=\"og:description\" content=\"Las pr\u00f3teas son un tipo de plantas de alto valor ormamental de gran \u00e9xito en el mercado. Agrupan tres g\u00e9neros distintos: Pr\u00f3tea, Leucospermum y Leucadendron, que son los que en la actualidad se cultivan en la Isla de La Palma. Las pr\u00f3teas son arbustos que puede llegar a producir 60 flores, entre febrero y mayo.&nbsp;\" \/>\n<meta property=\"og:url\" content=\"https:\/\/proteaslapalma.com\/en\/planta-para-cultivar\/\" \/>\n<meta property=\"og:site_name\" content=\"Proteas La Palma\" \/>\n<meta name=\"twitter:card\" content=\"summary_large_image\" \/>\n<meta name=\"twitter:label1\" content=\"Est. reading time\" \/>\n\t<meta name=\"twitter:data1\" content=\"1 minute\" \/>\n<script type=\"application\/ld+json\" class=\"yoast-schema-graph\">{\"@context\":\"https:\/\/schema.org\",\"@graph\":[{\"@type\":\"WebSite\",\"@id\":\"https:\/\/proteaslapalma.com\/#website\",\"url\":\"https:\/\/proteaslapalma.com\/\",\"name\":\"Proteas La Palma\",\"description\":\"Pr\u00f3teas de la Palma cooperativa de la Isla de La Palma, Canarias\",\"potentialAction\":[{\"@type\":\"SearchAction\",\"target\":{\"@type\":\"EntryPoint\",\"urlTemplate\":\"https:\/\/proteaslapalma.com\/?s={search_term_string}\"},\"query-input\":\"required name=search_term_string\"}],\"inLanguage\":\"en-US\"},{\"@type\":\"WebPage\",\"@id\":\"https:\/\/proteaslapalma.com\/en\/planta-para-cultivar\/\",\"url\":\"https:\/\/proteaslapalma.com\/en\/planta-para-cultivar\/\",\"name\":\"Planta para cultivar - Proteas La Palma\",\"isPartOf\":{\"@id\":\"https:\/\/proteaslapalma.com\/#website\"},\"datePublished\":\"2012-06-15T11:51:23+00:00\",\"dateModified\":\"2012-06-15T11:51:23+00:00\",\"breadcrumb\":{\"@id\":\"https:\/\/proteaslapalma.com\/en\/planta-para-cultivar\/#breadcrumb\"},\"inLanguage\":\"en-US\",\"potentialAction\":[{\"@type\":\"ReadAction\",\"target\":[\"https:\/\/proteaslapalma.com\/en\/planta-para-cultivar\/\"]}]},{\"@type\":\"BreadcrumbList\",\"@id\":\"https:\/\/proteaslapalma.com\/en\/planta-para-cultivar\/#breadcrumb\",\"itemListElement\":[{\"@type\":\"ListItem\",\"position\":1,\"name\":\"Portada\",\"item\":\"https:\/\/proteaslapalma.com\/en\/\"},{\"@type\":\"ListItem\",\"position\":2,\"name\":\"Planta para cultivar\"}]}]}<\/script>\n<!-- \/ Yoast SEO plugin. -->","yoast_head_json":{"title":"Planta para cultivar - Proteas La Palma","robots":{"index":"index","follow":"follow","max-snippet":"max-snippet:-1","max-image-preview":"max-image-preview:large","max-video-preview":"max-video-preview:-1"},"canonical":"https:\/\/proteaslapalma.com\/en\/planta-para-cultivar\/","og_locale":"en_US","og_type":"article","og_title":"Planta para cultivar - Proteas La Palma","og_description":"Las pr\u00f3teas son un tipo de plantas de alto valor ormamental de gran \u00e9xito en el mercado. Agrupan tres g\u00e9neros distintos: Pr\u00f3tea, Leucospermum y Leucadendron, que son los que en la actualidad se cultivan en la Isla de La Palma. Las pr\u00f3teas son arbustos que puede llegar a producir 60 flores, entre febrero y mayo.&nbsp;","og_url":"https:\/\/proteaslapalma.com\/en\/planta-para-cultivar\/","og_site_name":"Proteas La Palma","twitter_card":"summary_large_image","twitter_misc":{"Est. reading time":"1 minute"},"schema":{"@context":"https:\/\/schema.org","@graph":[{"@type":"WebSite","@id":"https:\/\/proteaslapalma.com\/#website","url":"https:\/\/proteaslapalma.com\/","name":"Proteas La Palma","description":"Pr\u00f3teas de la Palma cooperativa de la Isla de La Palma, Canarias","potentialAction":[{"@type":"SearchAction","target":{"@type":"EntryPoint","urlTemplate":"https:\/\/proteaslapalma.com\/?s={search_term_string}"},"query-input":"required name=search_term_string"}],"inLanguage":"en-US"},{"@type":"WebPage","@id":"https:\/\/proteaslapalma.com\/en\/planta-para-cultivar\/","url":"https:\/\/proteaslapalma.com\/en\/planta-para-cultivar\/","name":"Planta para cultivar - Proteas La Palma","isPartOf":{"@id":"https:\/\/proteaslapalma.com\/#website"},"datePublished":"2012-06-15T11:51:23+00:00","dateModified":"2012-06-15T11:51:23+00:00","breadcrumb":{"@id":"https:\/\/proteaslapalma.com\/en\/planta-para-cultivar\/#breadcrumb"},"inLanguage":"en-US","potentialAction":[{"@type":"ReadAction","target":["https:\/\/proteaslapalma.com\/en\/planta-para-cultivar\/"]}]},{"@type":"BreadcrumbList","@id":"https:\/\/proteaslapalma.com\/en\/planta-para-cultivar\/#breadcrumb","itemListElement":[{"@type":"ListItem","position":1,"name":"Portada","item":"https:\/\/proteaslapalma.com\/en\/"},{"@type":"ListItem","position":2,"name":"Planta para cultivar"}]}]}},"_links":{"self":[{"href":"https:\/\/proteaslapalma.com\/en\/wp-json\/wp\/v2\/pages\/521"}],"collection":[{"href":"https:\/\/proteaslapalma.com\/en\/wp-json\/wp\/v2\/pages"}],"about":[{"href":"https:\/\/proteaslapalma.com\/en\/wp-json\/wp\/v2\/types\/page"}],"author":[{"embeddable":true,"href":"https:\/\/proteaslapalma.com\/en\/wp-json\/wp\/v2\/users\/1"}],"replies":[{"embeddable":true,"href":"https:\/\/proteaslapalma.com\/en\/wp-json\/wp\/v2\/comments?post=521"}],"version-history":[{"count":0,"href":"https:\/\/proteaslapalma.com\/en\/wp-json\/wp\/v2\/pages\/521\/revisions"}],"wp:attachment":[{"href":"https:\/\/proteaslapalma.com\/en\/wp-json\/wp\/v2\/media?parent=521"}],"curies":[{"name":"wp","href":"https:\/\/api.w.org\/{rel}","templated":true}]}}