{"id":1621,"date":"2017-07-28T08:10:57","date_gmt":"2017-07-28T08:10:57","guid":{"rendered":"http:\/\/proteaslapalma.com\/de\/?page_id=1621"},"modified":"2018-07-26T12:09:40","modified_gmt":"2018-07-26T12:09:40","slug":"sorten","status":"publish","type":"page","link":"https:\/\/proteaslapalma.com\/de\/sorten\/","title":{"rendered":"Sorten"},"content":{"rendered":"<p style=\"text-align: left;\">[vc_row][vc_column][vc_column_text]<\/p>\n<h4 style=\"text-align: center;\" align=\"justify\">Proteas sind Zierstr\u00e4ucher deren Bl\u00fcten sich immer gr\u00f6sserer Beliebtheit auf dem Sektor der Exotikblumen erfreuen.<\/h4>\n<h5 style=\"text-align: center;\">Fotos: \u00a9 Facundo Cabrera<\/h5>\n<p>[\/vc_column_text][vc_empty_space height=&#8220;52px&#8220;][vc_column_text]<\/p>\n<h2 align=\"center\">GRUPPE LEUCOSPERMUM<\/h2>\n<p>[\/vc_column_text][vc_empty_space][\/vc_column][\/vc_row][vc_row][vc_column width=&#8220;1\/4&#8243;][vc_row_inner][vc_column_inner][vc_single_image image=&#8220;751&#8243; img_size=&#8220;300&#215;225&#8243; alignment=&#8220;center&#8220; onclick=&#8220;custom_link&#8220; link=&#8220;http:\/\/proteaslapalma.com\/de\/sorten\/high-gold\/&#8220;][vc_column_text]<\/p>\n<h4 style=\"text-align: left;\">High Gold<\/h4>\n<p style=\"text-align: left;\"><strong>Variety:<\/strong> <em>High Gold\u00a0<\/em><br \/>\n<strong>Gruppe:<\/strong> Cut Flower<br \/>\n<strong>Bl\u00fctezeitpunkt:<\/strong>\u00a0Jan &#8211; April<\/p>\n<p>[\/vc_column_text][vc_empty_space height=&#8220;22px&#8220;][\/vc_column_inner][\/vc_row_inner][\/vc_column][vc_column width=&#8220;1\/4&#8243;][vc_row_inner][vc_column_inner][vc_single_image image=&#8220;1717&#8243; img_size=&#8220;300&#215;225&#8243; alignment=&#8220;center&#8220; onclick=&#8220;custom_link&#8220; link=&#8220;http:\/\/proteaslapalma.com\/de\/sorten\/succession-ii\/&#8220;][vc_column_text]<\/p>\n<h4 style=\"text-align: left;\">Succession II<\/h4>\n<p style=\"text-align: left;\"><strong>Sorte:<\/strong>\u00a0<em>Succession II<\/em><br \/>\n<strong>Gruppe:<\/strong>\u00a0Cut Flower<br \/>\n<strong>Bl\u00fctezeitpunkt:<\/strong>\u00a0Dic &#8211; May<\/p>\n<p>&nbsp;<\/p>\n<p>[\/vc_column_text][vc_empty_space height=&#8220;22px&#8220;][\/vc_column_inner][\/vc_row_inner][\/vc_column][vc_column width=&#8220;1\/4&#8243;][vc_row_inner][vc_column_inner][vc_single_image image=&#8220;1726&#8243; img_size=&#8220;300&#215;225&#8243; alignment=&#8220;center&#8220; onclick=&#8220;custom_link&#8220; link=&#8220;http:\/\/proteaslapalma.com\/de\/sorten\/tango\/&#8220;][vc_column_text]<\/p>\n<h4 style=\"text-align: left;\">Tango<\/h4>\n<p style=\"text-align: left;\"><strong>Sorte:<\/strong>\u00a0<em>Tango<\/em><br \/>\n<strong>Gruppe:<\/strong> Cut Flower<br \/>\n<strong>Bl\u00fctezeitpunkt:<\/strong>\u00a0Dic &#8211; April<\/p>\n<p>[\/vc_column_text][vc_empty_space height=&#8220;22px&#8220;][\/vc_column_inner][\/vc_row_inner][\/vc_column][vc_column width=&#8220;1\/4&#8243;][vc_row_inner][vc_column_inner][vc_single_image image=&#8220;1732&#8243; img_size=&#8220;300&#215;225&#8243; alignment=&#8220;center&#8220; onclick=&#8220;custom_link&#8220; link=&#8220;http:\/\/proteaslapalma.com\/de\/sorten\/soleil\/&#8220;][vc_column_text]<\/p>\n<h4 style=\"text-align: left;\">Soleil<\/h4>\n<p style=\"text-align: left;\"><strong>Sorte:<\/strong>\u00a0<em>Soleil<\/em><br \/>\n<strong>Gruppe:<\/strong> Cut Flower<br \/>\n<strong>Bl\u00fctezeitpunkt:<\/strong>\u00a0Dic &#8211; April<span style=\"color: #ff0000;\">\u00a0<\/span><\/p>\n<p>&nbsp;<\/p>\n<p>[\/vc_column_text][vc_empty_space height=&#8220;22px&#8220;][\/vc_column_inner][\/vc_row_inner][\/vc_column][\/vc_row][vc_row][vc_column width=&#8220;1\/4&#8243;][vc_row_inner][vc_column_inner][vc_single_image image=&#8220;1744&#8243; img_size=&#8220;300&#215;225&#8243; alignment=&#8220;center&#8220; onclick=&#8220;custom_link&#8220; link=&#8220;http:\/\/proteaslapalma.com\/de\/sorten\/goldie\/&#8220;][vc_column_text]<\/p>\n<h4 style=\"text-align: left;\">Goldie<\/h4>\n<p style=\"text-align: left;\"><strong>Sorte:<\/strong>\u00a0<em> Goldie <\/em><br \/>\n<strong>Gruppe:<\/strong> Cut Flower<br \/>\n<strong>Bl\u00fctezeitpunkt:<\/strong>\u00a0April &#8211; May<\/p>\n<p>[\/vc_column_text][vc_empty_space height=&#8220;22px&#8220;][\/vc_column_inner][\/vc_row_inner][\/vc_column][vc_column width=&#8220;1\/4&#8243;][vc_row_inner][vc_column_inner][vc_single_image image=&#8220;1674&#8243; img_size=&#8220;300&#215;225&#8243; alignment=&#8220;center&#8220; onclick=&#8220;custom_link&#8220; link=&#8220;http:\/\/proteaslapalma.com\/de\/sorten\/variedades-proteas\/ayobe-sun\/&#8220;][vc_column_text]<\/p>\n<h4 style=\"text-align: left;\">Ayoba Sun<\/h4>\n<p style=\"text-align: left;\"><strong>Sorte:<\/strong>\u00a0 Ayoba Sun<br \/>\n<strong>Gruppe: <\/strong>Cut Flower<br \/>\n<strong>Bl\u00fctezeitpunkt: <\/strong>Jan &#8211; April<\/p>\n<p>[\/vc_column_text][vc_empty_space height=&#8220;22px&#8220;][\/vc_column_inner][\/vc_row_inner][\/vc_column][vc_column width=&#8220;1\/4&#8243;][\/vc_column][vc_column width=&#8220;1\/4&#8243;][\/vc_column][\/vc_row][vc_row][vc_column][vc_empty_space][vc_column_text]<\/p>\n<h2 style=\"text-align: center;\" align=\"center\">GRUPPE PROTEAS<\/h2>\n<p>[\/vc_column_text][vc_empty_space][\/vc_column][\/vc_row][vc_row][vc_column width=&#8220;1\/4&#8243;][vc_row_inner][vc_column_inner][vc_single_image image=&#8220;43&#8243; img_size=&#8220;300&#215;225&#8243; alignment=&#8220;center&#8220; onclick=&#8220;custom_link&#8220; link=&#8220;http:\/\/proteaslapalma.com\/de\/sorten\/cynaroides\/&#8220;][vc_column_text]<\/p>\n<h4 style=\"text-align: left;\">Cynaroides<\/h4>\n<p style=\"text-align: left;\"><strong>Sorte:<\/strong> <em>Cynaroide<\/em><br \/>\n<strong>Gruppe:<\/strong> Cut Flower<br \/>\n<strong>Bl\u00fctezeitpunkt:<\/strong> Nov &#8211; Jun<\/p>\n<p>[\/vc_column_text][vc_empty_space height=&#8220;22px&#8220;][\/vc_column_inner][\/vc_row_inner][\/vc_column][vc_column width=&#8220;1\/4&#8243;][vc_row_inner][vc_column_inner][vc_single_image image=&#8220;1762&#8243; img_size=&#8220;300&#215;225&#8243; alignment=&#8220;center&#8220; onclick=&#8220;custom_link&#8220; link=&#8220;http:\/\/proteaslapalma.com\/de\/sorten\/magnifica\/&#8220;][vc_column_text]<\/p>\n<h4 style=\"text-align: left;\">Magnifica<\/h4>\n<p style=\"text-align: left;\"><strong>Sorte:<\/strong> <em>Magnifica<\/em><br \/>\n<strong>Gruppe:<\/strong> Cut Flower<br \/>\n<strong>Bl\u00fctezeitpunkt:<\/strong>\u00a0Dic &#8211; March<\/p>\n<p>[\/vc_column_text][vc_empty_space height=&#8220;22px&#8220;][\/vc_column_inner][\/vc_row_inner][\/vc_column][vc_column width=&#8220;1\/4&#8243;][vc_row_inner][vc_column_inner][vc_single_image image=&#8220;45&#8243; img_size=&#8220;300&#215;225&#8243; alignment=&#8220;center&#8220; onclick=&#8220;custom_link&#8220; link=&#8220;http:\/\/proteaslapalma.com\/de\/sorten\/brenda\/&#8220;][vc_column_text]<\/p>\n<h4 style=\"text-align: left;\">Brenda<\/h4>\n<p style=\"text-align: left;\"><strong>Sorte:<\/strong>\u00a0<em> Brenda\u00a0<\/em><br \/>\n<strong>Gruppe:<\/strong> Cut Flower<br \/>\n<strong>Bl\u00fctezeitpunkt:<\/strong> Nov \u2013 Dic<\/p>\n<p>[\/vc_column_text][vc_empty_space height=&#8220;22px&#8220;][\/vc_column_inner][\/vc_row_inner][\/vc_column][vc_column width=&#8220;1\/4&#8243;][vc_row_inner][vc_column_inner][vc_single_image image=&#8220;834&#8243; img_size=&#8220;300&#215;225&#8243; alignment=&#8220;center&#8220; onclick=&#8220;custom_link&#8220; link=&#8220;http:\/\/proteaslapalma.com\/de\/sorten\/red-rex\/&#8220;][vc_column_text]<\/p>\n<h4 style=\"text-align: left;\">Red Rex<\/h4>\n<p style=\"text-align: left;\"><strong>Sorte:<\/strong>\u00a0<em>Red Rex<\/em><br \/>\n<strong>Gruppe:<\/strong> Cut Flower<br \/>\n<strong>Bl\u00fctezeitpunkt:\u00a0<\/strong>March \u2013 April<\/p>\n<p>[\/vc_column_text][vc_empty_space height=&#8220;22px&#8220;][\/vc_column_inner][\/vc_row_inner][\/vc_column][\/vc_row][vc_row][vc_column width=&#8220;1\/4&#8243;][vc_row_inner][vc_column_inner][vc_single_image image=&#8220;1791&#8243; img_size=&#8220;300&#215;225&#8243; alignment=&#8220;center&#8220; onclick=&#8220;custom_link&#8220; link=&#8220;http:\/\/proteaslapalma.com\/de\/sorten\/niobe\/&#8220;][vc_column_text]<\/p>\n<h4 style=\"text-align: left;\">Niobe<\/h4>\n<p style=\"text-align: left;\"><strong>Sorte:<\/strong> <em>Niobe<\/em><br \/>\n<strong>Gruppe:<\/strong> Cut Flower<br \/>\n<strong>Bl\u00fctezeitpunkt:<\/strong>\u00a0Oct &#8211; Jan<span style=\"color: #ff0000;\">\u00a0<\/span><\/p>\n<p>[\/vc_column_text][vc_empty_space height=&#8220;22px&#8220;][\/vc_column_inner][\/vc_row_inner][\/vc_column][vc_column width=&#8220;1\/4&#8243;][vc_row_inner][vc_column_inner][vc_single_image image=&#8220;1676&#8243; img_size=&#8220;300&#215;225&#8243; alignment=&#8220;center&#8220; onclick=&#8220;custom_link&#8220; link=&#8220;http:\/\/proteaslapalma.com\/de\/sorten\/white-night-proteas\/&#8220;][vc_column_text]<\/p>\n<h4 style=\"text-align: left;\">White Night<\/h4>\n<p style=\"text-align: left;\"><strong>Sorte:<\/strong> <em>White Night<\/em><br \/>\n<strong>Gruppe:<\/strong> Cut Flower<br \/>\n<strong>Bl\u00fctezeitpunkt: <\/strong>Nov &#8211; Dic<\/p>\n<p>[\/vc_column_text][vc_empty_space height=&#8220;22px&#8220;][\/vc_column_inner][\/vc_row_inner][\/vc_column][vc_column width=&#8220;1\/4&#8243;][vc_row_inner][vc_column_inner][vc_single_image image=&#8220;1800&#8243; img_size=&#8220;300&#215;225&#8243; alignment=&#8220;center&#8220; onclick=&#8220;custom_link&#8220; link=&#8220;http:\/\/proteaslapalma.com\/de\/sorten\/arctic-ice-proteas\/&#8220;][vc_column_text]<\/p>\n<h4 style=\"text-align: left;\">Arctic Ice<\/h4>\n<p style=\"text-align: left;\"><strong>Sorte:<\/strong>\u00a0<em> Arctic Ice<\/em><br \/>\n<strong>Gruppe:<\/strong> Cut Flower<br \/>\n<strong>Bl\u00fctezeitpunkt: <\/strong>Sept &#8211; May<\/p>\n<p>[\/vc_column_text][vc_empty_space height=&#8220;22px&#8220;][\/vc_column_inner][\/vc_row_inner][\/vc_column][vc_column width=&#8220;1\/4&#8243;][vc_row_inner][vc_column_inner][vc_single_image image=&#8220;1806&#8243; img_size=&#8220;300&#215;225&#8243; alignment=&#8220;center&#8220; onclick=&#8220;custom_link&#8220; link=&#8220;http:\/\/proteaslapalma.com\/de\/sorten\/madiba-proteas\/&#8220;][vc_column_text]<\/p>\n<h4 style=\"text-align: left;\">Madiba<\/h4>\n<p style=\"text-align: left;\"><strong>Sorte:<\/strong> <em>Madiba<\/em><br \/>\n<strong>Gruppe:<\/strong> Cut Flower<br \/>\n<strong>Bl\u00fctezeitpunkt: <\/strong>Jan &#8211; May<\/p>\n<p>[\/vc_column_text][vc_empty_space height=&#8220;22px&#8220;][\/vc_column_inner][\/vc_row_inner][\/vc_column][\/vc_row][vc_row][vc_column width=&#8220;1\/4&#8243;][vc_row_inner][vc_column_inner][vc_single_image image=&#8220;1818&#8243; img_size=&#8220;300&#215;225&#8243; alignment=&#8220;center&#8220; onclick=&#8220;custom_link&#8220; link=&#8220;http:\/\/proteaslapalma.com\/de\/sorten\/grandicolor-proteas\/&#8220;][vc_column_text]<\/p>\n<h4 style=\"text-align: left;\">Grandicolor<\/h4>\n<p style=\"text-align: left;\"><strong>Sorte:<\/strong>\u00a0<em> Grandicolor\u00a0<\/em><br \/>\n<strong>Gruppe:<\/strong> Cut Flower<br \/>\n<strong>Bl\u00fctezeitpunkt:<\/strong> Sept \u2013March<\/p>\n<p>[\/vc_column_text][vc_empty_space height=&#8220;22px&#8220;][\/vc_column_inner][\/vc_row_inner][\/vc_column][vc_column width=&#8220;1\/4&#8243;][\/vc_column][vc_column width=&#8220;1\/4&#8243;][\/vc_column][vc_column width=&#8220;1\/4&#8243;][\/vc_column][\/vc_row][vc_row][vc_column][vc_empty_space][vc_column_text]<\/p>\n<h2 style=\"text-align: center;\" align=\"center\">GRUPPE TELOPEA<\/h2>\n<p>[\/vc_column_text][vc_empty_space][\/vc_column][\/vc_row][vc_row][vc_column width=&#8220;1\/4&#8243;][vc_row_inner][vc_column_inner][vc_single_image image=&#8220;1825&#8243; img_size=&#8220;300&#215;225&#8243; alignment=&#8220;center&#8220; onclick=&#8220;custom_link&#8220; link=&#8220;http:\/\/proteaslapalma.com\/de\/sorten\/telopea-telopea\/&#8220;][vc_column_text]<\/p>\n<h4 style=\"text-align: left;\">Telopea<\/h4>\n<p style=\"text-align: left;\"><strong>Sorte:<\/strong>\u00a0<i>Telopea<\/i><br \/>\n<strong>Gruppe:<\/strong> Cut Flower<br \/>\n<strong>Bl\u00fctezeitpunkt:<\/strong> March &#8211; April<\/p>\n<p>[\/vc_column_text][vc_empty_space height=&#8220;22px&#8220;][\/vc_column_inner][\/vc_row_inner][\/vc_column][vc_column width=&#8220;1\/4&#8243;][\/vc_column][vc_column width=&#8220;1\/4&#8243;][\/vc_column][vc_column width=&#8220;1\/4&#8243;][\/vc_column][\/vc_row]<\/p>\n","protected":false},"excerpt":{"rendered":"<p>[vc_row][vc_column][vc_column_text] Proteas sind Zierstr\u00e4ucher deren Bl\u00fcten sich immer gr\u00f6sserer Beliebtheit auf dem Sektor der Exotikblumen erfreuen. Fotos: \u00a9 Facundo Cabrera [\/vc_column_text][vc_empty_space height=&#8220;52px&#8220;][vc_column_text] GRUPPE LEUCOSPERMUM [\/vc_column_text][vc_empty_space][\/vc_column][\/vc_row][vc_row][vc_column width=&#8220;1\/4&#8243;][vc_row_inner][vc_column_inner][vc_single_image image=&#8220;751&#8243; img_size=&#8220;300&#215;225&#8243; alignment=&#8220;center&#8220; onclick=&#8220;custom_link&#8220; link=&#8220;http:\/\/proteaslapalma.com\/de\/sorten\/high-gold\/&#8220;][vc_column_text] High Gold Variety: High Gold\u00a0 Gruppe: Cut Flower Bl\u00fctezeitpunkt:\u00a0Jan &#8211; April [\/vc_column_text][vc_empty_space height=&#8220;22px&#8220;][\/vc_column_inner][\/vc_row_inner][\/vc_column][vc_column width=&#8220;1\/4&#8243;][vc_row_inner][vc_column_inner][vc_single_image image=&#8220;1717&#8243; img_size=&#8220;300&#215;225&#8243; alignment=&#8220;center&#8220; onclick=&#8220;custom_link&#8220; link=&#8220;http:\/\/proteaslapalma.com\/de\/sorten\/succession-ii\/&#8220;][vc_column_text] Succession II Sorte:\u00a0Succession II Gruppe:\u00a0Cut&nbsp;<\/p>\n","protected":false},"author":1,"featured_media":0,"parent":0,"menu_order":0,"comment_status":"closed","ping_status":"closed","template":"","meta":[],"yoast_head":"<!-- This site is optimized with the Yoast SEO plugin v19.4 - https:\/\/yoast.com\/wordpress\/plugins\/seo\/ -->\n<title>Sorten - Proteas La Palma<\/title>\n<meta name=\"robots\" content=\"index, follow, max-snippet:-1, max-image-preview:large, max-video-preview:-1\" \/>\n<link rel=\"canonical\" href=\"https:\/\/proteaslapalma.com\/de\/sorten\/\" \/>\n<meta property=\"og:locale\" content=\"de_DE\" \/>\n<meta property=\"og:type\" content=\"article\" \/>\n<meta property=\"og:title\" content=\"Sorten - Proteas La Palma\" \/>\n<meta property=\"og:description\" content=\"[vc_row][vc_column][vc_column_text] Proteas sind Zierstr\u00e4ucher deren Bl\u00fcten sich immer gr\u00f6sserer Beliebtheit auf dem Sektor der Exotikblumen erfreuen. Fotos: \u00a9 Facundo Cabrera [\/vc_column_text][vc_empty_space height=&#8220;52px&#8220;][vc_column_text] GRUPPE LEUCOSPERMUM [\/vc_column_text][vc_empty_space][\/vc_column][\/vc_row][vc_row][vc_column width=&#8220;1\/4&#8243;][vc_row_inner][vc_column_inner][vc_single_image image=&#8220;751&#8243; img_size=&#8220;300&#215;225&#8243; alignment=&#8220;center&#8220; onclick=&#8220;custom_link&#8220; link=&#8220;http:\/\/proteaslapalma.com\/de\/sorten\/high-gold\/&#8220;][vc_column_text] High Gold Variety: High Gold\u00a0 Gruppe: Cut Flower Bl\u00fctezeitpunkt:\u00a0Jan &#8211; April [\/vc_column_text][vc_empty_space height=&#8220;22px&#8220;][\/vc_column_inner][\/vc_row_inner][\/vc_column][vc_column width=&#8220;1\/4&#8243;][vc_row_inner][vc_column_inner][vc_single_image image=&#8220;1717&#8243; img_size=&#8220;300&#215;225&#8243; alignment=&#8220;center&#8220; onclick=&#8220;custom_link&#8220; link=&#8220;http:\/\/proteaslapalma.com\/de\/sorten\/succession-ii\/&#8220;][vc_column_text] Succession II Sorte:\u00a0Succession II Gruppe:\u00a0Cut&nbsp;\" \/>\n<meta property=\"og:url\" content=\"https:\/\/proteaslapalma.com\/de\/sorten\/\" \/>\n<meta property=\"og:site_name\" content=\"Proteas La Palma\" \/>\n<meta property=\"article:modified_time\" content=\"2018-07-26T12:09:40+00:00\" \/>\n<meta name=\"twitter:card\" content=\"summary_large_image\" \/>\n<meta name=\"twitter:label1\" content=\"Gesch\u00e4tzte Lesezeit\" \/>\n\t<meta name=\"twitter:data1\" content=\"5\u00a0Minuten\" \/>\n<script type=\"application\/ld+json\" class=\"yoast-schema-graph\">{\"@context\":\"https:\/\/schema.org\",\"@graph\":[{\"@type\":\"WebSite\",\"@id\":\"https:\/\/proteaslapalma.com\/#website\",\"url\":\"https:\/\/proteaslapalma.com\/\",\"name\":\"Proteas La Palma\",\"description\":\"Pr\u00f3teas de la Palma cooperativa de la Isla de La Palma, Canarias\",\"potentialAction\":[{\"@type\":\"SearchAction\",\"target\":{\"@type\":\"EntryPoint\",\"urlTemplate\":\"https:\/\/proteaslapalma.com\/?s={search_term_string}\"},\"query-input\":\"required name=search_term_string\"}],\"inLanguage\":\"de\"},{\"@type\":\"WebPage\",\"@id\":\"https:\/\/proteaslapalma.com\/de\/sorten\/\",\"url\":\"https:\/\/proteaslapalma.com\/de\/sorten\/\",\"name\":\"Sorten - Proteas La Palma\",\"isPartOf\":{\"@id\":\"https:\/\/proteaslapalma.com\/#website\"},\"datePublished\":\"2017-07-28T08:10:57+00:00\",\"dateModified\":\"2018-07-26T12:09:40+00:00\",\"breadcrumb\":{\"@id\":\"https:\/\/proteaslapalma.com\/de\/sorten\/#breadcrumb\"},\"inLanguage\":\"de\",\"potentialAction\":[{\"@type\":\"ReadAction\",\"target\":[\"https:\/\/proteaslapalma.com\/de\/sorten\/\"]}]},{\"@type\":\"BreadcrumbList\",\"@id\":\"https:\/\/proteaslapalma.com\/de\/sorten\/#breadcrumb\",\"itemListElement\":[{\"@type\":\"ListItem\",\"position\":1,\"name\":\"Portada\",\"item\":\"https:\/\/proteaslapalma.com\/de\/\"},{\"@type\":\"ListItem\",\"position\":2,\"name\":\"Sorten\"}]}]}<\/script>\n<!-- \/ Yoast SEO plugin. -->","yoast_head_json":{"title":"Sorten - Proteas La Palma","robots":{"index":"index","follow":"follow","max-snippet":"max-snippet:-1","max-image-preview":"max-image-preview:large","max-video-preview":"max-video-preview:-1"},"canonical":"https:\/\/proteaslapalma.com\/de\/sorten\/","og_locale":"de_DE","og_type":"article","og_title":"Sorten - Proteas La Palma","og_description":"[vc_row][vc_column][vc_column_text] Proteas sind Zierstr\u00e4ucher deren Bl\u00fcten sich immer gr\u00f6sserer Beliebtheit auf dem Sektor der Exotikblumen erfreuen. Fotos: \u00a9 Facundo Cabrera [\/vc_column_text][vc_empty_space height=&#8220;52px&#8220;][vc_column_text] GRUPPE LEUCOSPERMUM [\/vc_column_text][vc_empty_space][\/vc_column][\/vc_row][vc_row][vc_column width=&#8220;1\/4&#8243;][vc_row_inner][vc_column_inner][vc_single_image image=&#8220;751&#8243; img_size=&#8220;300&#215;225&#8243; alignment=&#8220;center&#8220; onclick=&#8220;custom_link&#8220; link=&#8220;http:\/\/proteaslapalma.com\/de\/sorten\/high-gold\/&#8220;][vc_column_text] High Gold Variety: High Gold\u00a0 Gruppe: Cut Flower Bl\u00fctezeitpunkt:\u00a0Jan &#8211; April [\/vc_column_text][vc_empty_space height=&#8220;22px&#8220;][\/vc_column_inner][\/vc_row_inner][\/vc_column][vc_column width=&#8220;1\/4&#8243;][vc_row_inner][vc_column_inner][vc_single_image image=&#8220;1717&#8243; img_size=&#8220;300&#215;225&#8243; alignment=&#8220;center&#8220; onclick=&#8220;custom_link&#8220; link=&#8220;http:\/\/proteaslapalma.com\/de\/sorten\/succession-ii\/&#8220;][vc_column_text] Succession II Sorte:\u00a0Succession II Gruppe:\u00a0Cut&nbsp;","og_url":"https:\/\/proteaslapalma.com\/de\/sorten\/","og_site_name":"Proteas La Palma","article_modified_time":"2018-07-26T12:09:40+00:00","twitter_card":"summary_large_image","twitter_misc":{"Gesch\u00e4tzte Lesezeit":"5\u00a0Minuten"},"schema":{"@context":"https:\/\/schema.org","@graph":[{"@type":"WebSite","@id":"https:\/\/proteaslapalma.com\/#website","url":"https:\/\/proteaslapalma.com\/","name":"Proteas La Palma","description":"Pr\u00f3teas de la Palma cooperativa de la Isla de La Palma, Canarias","potentialAction":[{"@type":"SearchAction","target":{"@type":"EntryPoint","urlTemplate":"https:\/\/proteaslapalma.com\/?s={search_term_string}"},"query-input":"required name=search_term_string"}],"inLanguage":"de"},{"@type":"WebPage","@id":"https:\/\/proteaslapalma.com\/de\/sorten\/","url":"https:\/\/proteaslapalma.com\/de\/sorten\/","name":"Sorten - Proteas La Palma","isPartOf":{"@id":"https:\/\/proteaslapalma.com\/#website"},"datePublished":"2017-07-28T08:10:57+00:00","dateModified":"2018-07-26T12:09:40+00:00","breadcrumb":{"@id":"https:\/\/proteaslapalma.com\/de\/sorten\/#breadcrumb"},"inLanguage":"de","potentialAction":[{"@type":"ReadAction","target":["https:\/\/proteaslapalma.com\/de\/sorten\/"]}]},{"@type":"BreadcrumbList","@id":"https:\/\/proteaslapalma.com\/de\/sorten\/#breadcrumb","itemListElement":[{"@type":"ListItem","position":1,"name":"Portada","item":"https:\/\/proteaslapalma.com\/de\/"},{"@type":"ListItem","position":2,"name":"Sorten"}]}]}},"_links":{"self":[{"href":"https:\/\/proteaslapalma.com\/de\/wp-json\/wp\/v2\/pages\/1621"}],"collection":[{"href":"https:\/\/proteaslapalma.com\/de\/wp-json\/wp\/v2\/pages"}],"about":[{"href":"https:\/\/proteaslapalma.com\/de\/wp-json\/wp\/v2\/types\/page"}],"author":[{"embeddable":true,"href":"https:\/\/proteaslapalma.com\/de\/wp-json\/wp\/v2\/users\/1"}],"replies":[{"embeddable":true,"href":"https:\/\/proteaslapalma.com\/de\/wp-json\/wp\/v2\/comments?post=1621"}],"version-history":[{"count":0,"href":"https:\/\/proteaslapalma.com\/de\/wp-json\/wp\/v2\/pages\/1621\/revisions"}],"wp:attachment":[{"href":"https:\/\/proteaslapalma.com\/de\/wp-json\/wp\/v2\/media?parent=1621"}],"curies":[{"name":"wp","href":"https:\/\/api.w.org\/{rel}","templated":true}]}}