{"id":146,"date":"2012-06-14T07:53:21","date_gmt":"2012-06-14T07:53:21","guid":{"rendered":"http:\/\/proteaslapalma.com\/?page_id=146"},"modified":"2018-07-30T13:34:52","modified_gmt":"2018-07-30T13:34:52","slug":"lapalma","status":"publish","type":"page","link":"https:\/\/proteaslapalma.com\/de\/lapalma\/","title":{"rendered":"LA PALMA"},"content":{"rendered":"<p>[vc_row][vc_column width=&#8220;2\/3&#8243;][vc_column_text]<\/p>\n<p align=\"justify\">La Palma ist eine der westlichsten Kanarischen Inseln. Die Kanaren liegen im Nordwesten Afrikas, umgef\u00e4hr 100km entfernt der nordwestlichen K\u00fcste. Die Insel ist beeinflusst von den Passatwinde. Deshalb hat sie ein nasses Wetter und das ist selten denn die Insel liegt ganz nah Afrikas. Deswegen geniesst die Insel ein priviligiertes Klima mit einer Temperatur die umgef\u00e4hr 20 Grad das ganze Jahr ist.<\/p>\n<div align=\"justify\"><\/div>\n<p>[\/vc_column_text][vc_empty_space height=&#8220;22px&#8220;][\/vc_column][vc_column width=&#8220;1\/3&#8243;][vc_single_image image=&#8220;331&#8243; img_size=&#8220;full&#8220;][vc_empty_space height=&#8220;8px&#8220;][\/vc_column][\/vc_row][vc_row][vc_column][vc_column_text]<\/p>\n<h3 align=\"justify\">Dank dieser Temperatur ist La Palma ein nat\u00fcrlicher botanischer Garten<\/h3>\n<p align=\"justify\">Dank dieser Temperatur ist La Palma ein nat\u00fcrlicher botanischer Garten, ein Glashaus mit einer grossen Vielfalt an Flora. Zweifellos besitzt La Palma eine der reichste und interessanteste Flora auf der Welt.<\/p>\n<p align=\"justify\"><a href=\"http:\/\/proteaslapalma.com\/wp-content\/uploads\/2012\/06\/lapalma2.gif\" rel=\"lightbox[146]\"><img loading=\"lazy\" class=\" wp-image-325 alignleft\" title=\"lapalma2\" src=\"http:\/\/proteaslapalma.com\/wp-content\/uploads\/2012\/06\/lapalma2.gif\" alt=\"\" width=\"200\" height=\"383\" srcset=\"https:\/\/proteaslapalma.com\/wp-content\/uploads\/2012\/06\/lapalma2.gif 200w, https:\/\/proteaslapalma.com\/wp-content\/uploads\/2012\/06\/lapalma2-156x300.gif 156w\" sizes=\"(max-width: 200px) 100vw, 200px\" \/><\/a>La Palma teilt seine Pflanzenvielfalt mit den anderen kanarischen Inseln, sowie mit Madeira, Azoren, Las Islas Salvajes und Capo Verde. Sie zusammen bilden die den Makaronesienraum.<\/p>\n<p>Trozdem, besitzt La Palma allein \u00fcber 80 endemische Arten, das heisst sie k\u00f6nnen nur auf La Palma gefunden werden.<\/p>\n<p>Einige der wichtigsten Arten sind:\u00a0<em>Tajinastes (<\/em>Natternkopf<em>), Amagantes, Cardones\u00a0(<\/em>Kandelabewolfsmilch<em>), Vinagreras (<\/em>Kleinie<em>), Verodes, Tederas, Dragos (<\/em>Drachenbaum<em>), Tabaibas (<\/em>wolfsmilch<em>), Retamas (<\/em>eine Hochgebirgsvegetationart<em>), Escobones, Tagasastes, Granadillos, Gacias, Faros, Bejeques (\u00a0<\/em>palmerische Aeonium<em>) und Violetas de cumbre (Viola palmensis \u2013\u00a0<\/em>Das La Palma Veilchen).<\/p>\n<p>Aber es gibt auch Arten die in anderen Regionen der Welt vorkommen. Wie z.B.<em>Margaritas, Siemprevivas, Madro\u00f1os, Sabinas und Helechas\u00a0<\/em>(F\u00e4rne)<em>.<\/em><\/p>\n<p align=\"justify\">Auch lohnt es sich die Lorbeerw\u00e4lder zu erw\u00e4hnen. Es sind einige der wenigen Lorbeerw\u00e4lder die es in Europa noch gibt. Einige der sch\u00f6nsten dieser millionen alter W\u00e4lder findet man im Norosten von La Palma; Garaf\u00eda Barlovento, San Andr\u00e9s y Sauces, Puntallana.\u00a0<em>Fayas\u00a0<\/em>(Gagelbaum)<em>, Brezos\u00a0<\/em>(Baumheide<em>), Laureles, Vi\u00f1atigos, Palos blancos, Tiles\u00a0<\/em>(Lorbeer) oder\u00a0<em>Acebi\u00f1os<\/em>\u00a0um nur einige B\u00e4ume dieser einzigartigen Natur zu nennen.Ab 1.500m H\u00f6he w\u00e4chst die kanarische Kiefer. Es ist eine Kiefernart die selbst schwere Br\u00e4nde \u00fcbersteht dank ihres harzigen Kerns, aus dem das begehrte Tea Holz entsteht.Nicht selten findet man Kiefern die 30m hoch und mehrere hundert Jahre alt sind.Auf dem Dach der Insel bei \u00fcber 2000m H\u00f6he \u00fcberleben nur Hochgebirgsvegetation wie\u00a0<em>codesos, cedros, retamones, alhel\u00edes<\/em>, und\u00a0<em>violetas de cumbre<\/em>. Sie haben sich an das extreme Klima angepasst.<\/p>\n<p>[\/vc_column_text][vc_empty_space height=&#8220;52px&#8220;][vc_btn title=&#8220;Portal de informaci\u00f3n de La Palma&#8220; style=&#8220;classic&#8220; shape=&#8220;square&#8220; color=&#8220;green&#8220; link=&#8220;url:http%3A%2F%2Fwww.infoisla.org||target:%20_blank|&#8220;][\/vc_column][\/vc_row]<\/p>\n","protected":false},"excerpt":{"rendered":"<p>[vc_row][vc_column width=&#8220;2\/3&#8243;][vc_column_text] La Palma ist eine der westlichsten Kanarischen Inseln. Die Kanaren liegen im Nordwesten Afrikas, umgef\u00e4hr 100km entfernt der nordwestlichen K\u00fcste. Die Insel ist beeinflusst von den Passatwinde. Deshalb hat sie ein nasses Wetter und das ist selten denn die Insel liegt ganz nah Afrikas. Deswegen geniesst die Insel ein priviligiertes Klima mit einer&nbsp;<\/p>\n","protected":false},"author":1,"featured_media":0,"parent":0,"menu_order":0,"comment_status":"open","ping_status":"open","template":"","meta":[],"yoast_head":"<!-- This site is optimized with the Yoast SEO plugin v19.4 - https:\/\/yoast.com\/wordpress\/plugins\/seo\/ -->\n<title>LA PALMA - Proteas La Palma<\/title>\n<meta name=\"robots\" content=\"index, follow, max-snippet:-1, max-image-preview:large, max-video-preview:-1\" \/>\n<link rel=\"canonical\" href=\"https:\/\/proteaslapalma.com\/de\/lapalma\/\" \/>\n<meta property=\"og:locale\" content=\"de_DE\" \/>\n<meta property=\"og:type\" content=\"article\" \/>\n<meta property=\"og:title\" content=\"LA PALMA - Proteas La Palma\" \/>\n<meta property=\"og:description\" content=\"[vc_row][vc_column width=&#8220;2\/3&#8243;][vc_column_text] La Palma ist eine der westlichsten Kanarischen Inseln. Die Kanaren liegen im Nordwesten Afrikas, umgef\u00e4hr 100km entfernt der nordwestlichen K\u00fcste. Die Insel ist beeinflusst von den Passatwinde. Deshalb hat sie ein nasses Wetter und das ist selten denn die Insel liegt ganz nah Afrikas. Deswegen geniesst die Insel ein priviligiertes Klima mit einer&nbsp;\" \/>\n<meta property=\"og:url\" content=\"https:\/\/proteaslapalma.com\/de\/lapalma\/\" \/>\n<meta property=\"og:site_name\" content=\"Proteas La Palma\" \/>\n<meta property=\"article:modified_time\" content=\"2018-07-30T13:34:52+00:00\" \/>\n<meta property=\"og:image\" content=\"http:\/\/proteaslapalma.com\/wp-content\/uploads\/2012\/06\/lapalma2.gif\" \/>\n<meta name=\"twitter:card\" content=\"summary_large_image\" \/>\n<meta name=\"twitter:label1\" content=\"Gesch\u00e4tzte Lesezeit\" \/>\n\t<meta name=\"twitter:data1\" content=\"2\u00a0Minuten\" \/>\n<script type=\"application\/ld+json\" class=\"yoast-schema-graph\">{\"@context\":\"https:\/\/schema.org\",\"@graph\":[{\"@type\":\"WebSite\",\"@id\":\"https:\/\/proteaslapalma.com\/#website\",\"url\":\"https:\/\/proteaslapalma.com\/\",\"name\":\"Proteas La Palma\",\"description\":\"Pr\u00f3teas de la Palma cooperativa de la Isla de La Palma, Canarias\",\"potentialAction\":[{\"@type\":\"SearchAction\",\"target\":{\"@type\":\"EntryPoint\",\"urlTemplate\":\"https:\/\/proteaslapalma.com\/?s={search_term_string}\"},\"query-input\":\"required name=search_term_string\"}],\"inLanguage\":\"de\"},{\"@type\":\"WebPage\",\"@id\":\"https:\/\/proteaslapalma.com\/de\/lapalma\/\",\"url\":\"https:\/\/proteaslapalma.com\/de\/lapalma\/\",\"name\":\"LA PALMA - Proteas La Palma\",\"isPartOf\":{\"@id\":\"https:\/\/proteaslapalma.com\/#website\"},\"datePublished\":\"2012-06-14T07:53:21+00:00\",\"dateModified\":\"2018-07-30T13:34:52+00:00\",\"breadcrumb\":{\"@id\":\"https:\/\/proteaslapalma.com\/de\/lapalma\/#breadcrumb\"},\"inLanguage\":\"de\",\"potentialAction\":[{\"@type\":\"ReadAction\",\"target\":[\"https:\/\/proteaslapalma.com\/de\/lapalma\/\"]}]},{\"@type\":\"BreadcrumbList\",\"@id\":\"https:\/\/proteaslapalma.com\/de\/lapalma\/#breadcrumb\",\"itemListElement\":[{\"@type\":\"ListItem\",\"position\":1,\"name\":\"Portada\",\"item\":\"https:\/\/proteaslapalma.com\/de\/\"},{\"@type\":\"ListItem\",\"position\":2,\"name\":\"LA PALMA\"}]}]}<\/script>\n<!-- \/ Yoast SEO plugin. -->","yoast_head_json":{"title":"LA PALMA - Proteas La Palma","robots":{"index":"index","follow":"follow","max-snippet":"max-snippet:-1","max-image-preview":"max-image-preview:large","max-video-preview":"max-video-preview:-1"},"canonical":"https:\/\/proteaslapalma.com\/de\/lapalma\/","og_locale":"de_DE","og_type":"article","og_title":"LA PALMA - Proteas La Palma","og_description":"[vc_row][vc_column width=&#8220;2\/3&#8243;][vc_column_text] La Palma ist eine der westlichsten Kanarischen Inseln. Die Kanaren liegen im Nordwesten Afrikas, umgef\u00e4hr 100km entfernt der nordwestlichen K\u00fcste. Die Insel ist beeinflusst von den Passatwinde. Deshalb hat sie ein nasses Wetter und das ist selten denn die Insel liegt ganz nah Afrikas. Deswegen geniesst die Insel ein priviligiertes Klima mit einer&nbsp;","og_url":"https:\/\/proteaslapalma.com\/de\/lapalma\/","og_site_name":"Proteas La Palma","article_modified_time":"2018-07-30T13:34:52+00:00","og_image":[{"url":"http:\/\/proteaslapalma.com\/wp-content\/uploads\/2012\/06\/lapalma2.gif"}],"twitter_card":"summary_large_image","twitter_misc":{"Gesch\u00e4tzte Lesezeit":"2\u00a0Minuten"},"schema":{"@context":"https:\/\/schema.org","@graph":[{"@type":"WebSite","@id":"https:\/\/proteaslapalma.com\/#website","url":"https:\/\/proteaslapalma.com\/","name":"Proteas La Palma","description":"Pr\u00f3teas de la Palma cooperativa de la Isla de La Palma, Canarias","potentialAction":[{"@type":"SearchAction","target":{"@type":"EntryPoint","urlTemplate":"https:\/\/proteaslapalma.com\/?s={search_term_string}"},"query-input":"required name=search_term_string"}],"inLanguage":"de"},{"@type":"WebPage","@id":"https:\/\/proteaslapalma.com\/de\/lapalma\/","url":"https:\/\/proteaslapalma.com\/de\/lapalma\/","name":"LA PALMA - Proteas La Palma","isPartOf":{"@id":"https:\/\/proteaslapalma.com\/#website"},"datePublished":"2012-06-14T07:53:21+00:00","dateModified":"2018-07-30T13:34:52+00:00","breadcrumb":{"@id":"https:\/\/proteaslapalma.com\/de\/lapalma\/#breadcrumb"},"inLanguage":"de","potentialAction":[{"@type":"ReadAction","target":["https:\/\/proteaslapalma.com\/de\/lapalma\/"]}]},{"@type":"BreadcrumbList","@id":"https:\/\/proteaslapalma.com\/de\/lapalma\/#breadcrumb","itemListElement":[{"@type":"ListItem","position":1,"name":"Portada","item":"https:\/\/proteaslapalma.com\/de\/"},{"@type":"ListItem","position":2,"name":"LA PALMA"}]}]}},"_links":{"self":[{"href":"https:\/\/proteaslapalma.com\/de\/wp-json\/wp\/v2\/pages\/146"}],"collection":[{"href":"https:\/\/proteaslapalma.com\/de\/wp-json\/wp\/v2\/pages"}],"about":[{"href":"https:\/\/proteaslapalma.com\/de\/wp-json\/wp\/v2\/types\/page"}],"author":[{"embeddable":true,"href":"https:\/\/proteaslapalma.com\/de\/wp-json\/wp\/v2\/users\/1"}],"replies":[{"embeddable":true,"href":"https:\/\/proteaslapalma.com\/de\/wp-json\/wp\/v2\/comments?post=146"}],"version-history":[{"count":0,"href":"https:\/\/proteaslapalma.com\/de\/wp-json\/wp\/v2\/pages\/146\/revisions"}],"wp:attachment":[{"href":"https:\/\/proteaslapalma.com\/de\/wp-json\/wp\/v2\/media?parent=146"}],"curies":[{"name":"wp","href":"https:\/\/api.w.org\/{rel}","templated":true}]}}