{"id":122,"date":"2012-06-14T07:44:58","date_gmt":"2012-06-14T07:44:58","guid":{"rendered":"http:\/\/proteaslapalma.com\/?page_id=122"},"modified":"2018-09-26T12:50:41","modified_gmt":"2018-09-26T12:50:41","slug":"die-kultur","status":"publish","type":"page","link":"https:\/\/proteaslapalma.com\/de\/die-kultur\/","title":{"rendered":"DIE KULTUR"},"content":{"rendered":"<p>[vc_row][vc_column][vc_column_text]<\/p>\n<p class=\"texto\" align=\"justify\">Die Qualit\u00e4t unserer Produkte und die F\u00e4higkeit, innerhalb von 48 Stunden nach dem Schnitt auszuliefern hat uns zu einem der wichtigsten Produzenten von Proteen gemacht. Unsere Z\u00fcchter ernten t\u00e4glich und liefern ihre Ernte in der Kooperative ab, wo sie von Fachpersonal sortiert und versandfertig gemacht wird.<\/p>\n<p class=\"texto\">Unsere Produkte werden ausschliesslich per Luftfracht versandt, was eine un\u00fcbertreffliche Qualit\u00e4t und Frische garantiert..<\/p>\n<p>[\/vc_column_text][\/vc_column][\/vc_row][vc_row][vc_column width=&#8220;1\/2&#8243;][vc_empty_space height=&#8220;22px&#8220;][vc_message message_box_color=&#8220;juicy_pink&#8220; icon_type=&#8220;openiconic&#8220; icon_openiconic=&#8220;vc-oi vc-oi-info&#8220;]<strong>Lage der Produktionsfl\u00e4chen<\/strong><\/p>\n<p>Gesamtfl\u00e4che: 22 Has<\/p>\n<p>Leucospermum: 15 Has<\/p>\n<p>Protea: 7 Has[\/vc_message][vc_empty_space height=&#8220;22px&#8220;][\/vc_column][vc_column width=&#8220;1\/2&#8243;][vc_empty_space height=&#8220;22px&#8220;][vc_message message_box_color=&#8220;green&#8220; icon_type=&#8220;openiconic&#8220; icon_openiconic=&#8220;vc-oi vc-oi-info&#8220;]<strong class=\"links\">Lage der Producktionsfl\u00e4chen<\/strong><br \/>\n<span class=\"texto\">Der Anbau von Proteas ist \u00fcber die ganze Insel verteilt. Die wichtigsten Anbaufl\u00e4chen liegen in den Gemeinden von Barlovento, Mazo, Garaf\u00eda und Bre\u00f1a Alta.<\/span>[\/vc_message][vc_empty_space height=&#8220;8px&#8220;][vc_btn title=&#8220;Lage der Producktionsfl\u00e4chen&#8220; style=&#8220;classic&#8220; shape=&#8220;square&#8220; color=&#8220;green&#8220; link=&#8220;url:http%3A%2F%2Fproteaslapalma.com%2Fde%2Fel-cultivo%2F|&#8220;][\/vc_column][\/vc_row][vc_row][vc_column][vc_gallery interval=&#8220;3&#8243; images=&#8220;1909,1826,1807,1817,1734,1714,1752,1765,1679,1788&#8243; img_size=&#8220;full&#8220;][\/vc_column][\/vc_row]<\/p>\n","protected":false},"excerpt":{"rendered":"<p>[vc_row][vc_column][vc_column_text] Die Qualit\u00e4t unserer Produkte und die F\u00e4higkeit, innerhalb von 48 Stunden nach dem Schnitt auszuliefern hat uns zu einem der wichtigsten Produzenten von Proteen gemacht. Unsere Z\u00fcchter ernten t\u00e4glich und liefern ihre Ernte in der Kooperative ab, wo sie von Fachpersonal sortiert und versandfertig gemacht wird. Unsere Produkte werden ausschliesslich per Luftfracht versandt, was&nbsp;<\/p>\n","protected":false},"author":1,"featured_media":0,"parent":0,"menu_order":0,"comment_status":"open","ping_status":"open","template":"","meta":[],"yoast_head":"<!-- This site is optimized with the Yoast SEO plugin v19.4 - https:\/\/yoast.com\/wordpress\/plugins\/seo\/ -->\n<title>DIE KULTUR - Proteas La Palma<\/title>\n<meta name=\"robots\" content=\"index, follow, max-snippet:-1, max-image-preview:large, max-video-preview:-1\" \/>\n<link rel=\"canonical\" href=\"https:\/\/proteaslapalma.com\/de\/die-kultur\/\" \/>\n<meta property=\"og:locale\" content=\"de_DE\" \/>\n<meta property=\"og:type\" content=\"article\" \/>\n<meta property=\"og:title\" content=\"DIE KULTUR - Proteas La Palma\" \/>\n<meta property=\"og:description\" content=\"[vc_row][vc_column][vc_column_text] Die Qualit\u00e4t unserer Produkte und die F\u00e4higkeit, innerhalb von 48 Stunden nach dem Schnitt auszuliefern hat uns zu einem der wichtigsten Produzenten von Proteen gemacht. Unsere Z\u00fcchter ernten t\u00e4glich und liefern ihre Ernte in der Kooperative ab, wo sie von Fachpersonal sortiert und versandfertig gemacht wird. Unsere Produkte werden ausschliesslich per Luftfracht versandt, was&nbsp;\" \/>\n<meta property=\"og:url\" content=\"https:\/\/proteaslapalma.com\/de\/die-kultur\/\" \/>\n<meta property=\"og:site_name\" content=\"Proteas La Palma\" \/>\n<meta property=\"article:modified_time\" content=\"2018-09-26T12:50:41+00:00\" \/>\n<meta name=\"twitter:card\" content=\"summary_large_image\" \/>\n<meta name=\"twitter:label1\" content=\"Gesch\u00e4tzte Lesezeit\" \/>\n\t<meta name=\"twitter:data1\" content=\"1\u00a0Minute\" \/>\n<script type=\"application\/ld+json\" class=\"yoast-schema-graph\">{\"@context\":\"https:\/\/schema.org\",\"@graph\":[{\"@type\":\"WebSite\",\"@id\":\"https:\/\/proteaslapalma.com\/#website\",\"url\":\"https:\/\/proteaslapalma.com\/\",\"name\":\"Proteas La Palma\",\"description\":\"Pr\u00f3teas de la Palma cooperativa de la Isla de La Palma, Canarias\",\"potentialAction\":[{\"@type\":\"SearchAction\",\"target\":{\"@type\":\"EntryPoint\",\"urlTemplate\":\"https:\/\/proteaslapalma.com\/?s={search_term_string}\"},\"query-input\":\"required name=search_term_string\"}],\"inLanguage\":\"de\"},{\"@type\":\"WebPage\",\"@id\":\"https:\/\/proteaslapalma.com\/de\/die-kultur\/\",\"url\":\"https:\/\/proteaslapalma.com\/de\/die-kultur\/\",\"name\":\"DIE KULTUR - Proteas La Palma\",\"isPartOf\":{\"@id\":\"https:\/\/proteaslapalma.com\/#website\"},\"datePublished\":\"2012-06-14T07:44:58+00:00\",\"dateModified\":\"2018-09-26T12:50:41+00:00\",\"breadcrumb\":{\"@id\":\"https:\/\/proteaslapalma.com\/de\/die-kultur\/#breadcrumb\"},\"inLanguage\":\"de\",\"potentialAction\":[{\"@type\":\"ReadAction\",\"target\":[\"https:\/\/proteaslapalma.com\/de\/die-kultur\/\"]}]},{\"@type\":\"BreadcrumbList\",\"@id\":\"https:\/\/proteaslapalma.com\/de\/die-kultur\/#breadcrumb\",\"itemListElement\":[{\"@type\":\"ListItem\",\"position\":1,\"name\":\"Portada\",\"item\":\"https:\/\/proteaslapalma.com\/de\/\"},{\"@type\":\"ListItem\",\"position\":2,\"name\":\"DIE KULTUR\"}]}]}<\/script>\n<!-- \/ Yoast SEO plugin. -->","yoast_head_json":{"title":"DIE KULTUR - Proteas La Palma","robots":{"index":"index","follow":"follow","max-snippet":"max-snippet:-1","max-image-preview":"max-image-preview:large","max-video-preview":"max-video-preview:-1"},"canonical":"https:\/\/proteaslapalma.com\/de\/die-kultur\/","og_locale":"de_DE","og_type":"article","og_title":"DIE KULTUR - Proteas La Palma","og_description":"[vc_row][vc_column][vc_column_text] Die Qualit\u00e4t unserer Produkte und die F\u00e4higkeit, innerhalb von 48 Stunden nach dem Schnitt auszuliefern hat uns zu einem der wichtigsten Produzenten von Proteen gemacht. Unsere Z\u00fcchter ernten t\u00e4glich und liefern ihre Ernte in der Kooperative ab, wo sie von Fachpersonal sortiert und versandfertig gemacht wird. Unsere Produkte werden ausschliesslich per Luftfracht versandt, was&nbsp;","og_url":"https:\/\/proteaslapalma.com\/de\/die-kultur\/","og_site_name":"Proteas La Palma","article_modified_time":"2018-09-26T12:50:41+00:00","twitter_card":"summary_large_image","twitter_misc":{"Gesch\u00e4tzte Lesezeit":"1\u00a0Minute"},"schema":{"@context":"https:\/\/schema.org","@graph":[{"@type":"WebSite","@id":"https:\/\/proteaslapalma.com\/#website","url":"https:\/\/proteaslapalma.com\/","name":"Proteas La Palma","description":"Pr\u00f3teas de la Palma cooperativa de la Isla de La Palma, Canarias","potentialAction":[{"@type":"SearchAction","target":{"@type":"EntryPoint","urlTemplate":"https:\/\/proteaslapalma.com\/?s={search_term_string}"},"query-input":"required name=search_term_string"}],"inLanguage":"de"},{"@type":"WebPage","@id":"https:\/\/proteaslapalma.com\/de\/die-kultur\/","url":"https:\/\/proteaslapalma.com\/de\/die-kultur\/","name":"DIE KULTUR - Proteas La Palma","isPartOf":{"@id":"https:\/\/proteaslapalma.com\/#website"},"datePublished":"2012-06-14T07:44:58+00:00","dateModified":"2018-09-26T12:50:41+00:00","breadcrumb":{"@id":"https:\/\/proteaslapalma.com\/de\/die-kultur\/#breadcrumb"},"inLanguage":"de","potentialAction":[{"@type":"ReadAction","target":["https:\/\/proteaslapalma.com\/de\/die-kultur\/"]}]},{"@type":"BreadcrumbList","@id":"https:\/\/proteaslapalma.com\/de\/die-kultur\/#breadcrumb","itemListElement":[{"@type":"ListItem","position":1,"name":"Portada","item":"https:\/\/proteaslapalma.com\/de\/"},{"@type":"ListItem","position":2,"name":"DIE KULTUR"}]}]}},"_links":{"self":[{"href":"https:\/\/proteaslapalma.com\/de\/wp-json\/wp\/v2\/pages\/122"}],"collection":[{"href":"https:\/\/proteaslapalma.com\/de\/wp-json\/wp\/v2\/pages"}],"about":[{"href":"https:\/\/proteaslapalma.com\/de\/wp-json\/wp\/v2\/types\/page"}],"author":[{"embeddable":true,"href":"https:\/\/proteaslapalma.com\/de\/wp-json\/wp\/v2\/users\/1"}],"replies":[{"embeddable":true,"href":"https:\/\/proteaslapalma.com\/de\/wp-json\/wp\/v2\/comments?post=122"}],"version-history":[{"count":0,"href":"https:\/\/proteaslapalma.com\/de\/wp-json\/wp\/v2\/pages\/122\/revisions"}],"wp:attachment":[{"href":"https:\/\/proteaslapalma.com\/de\/wp-json\/wp\/v2\/media?parent=122"}],"curies":[{"name":"wp","href":"https:\/\/api.w.org\/{rel}","templated":true}]}}