{"id":119,"date":"2012-06-14T07:42:48","date_gmt":"2012-06-14T07:42:48","guid":{"rendered":"http:\/\/proteaslapalma.com\/?page_id=119"},"modified":"2018-07-17T13:26:10","modified_gmt":"2018-07-17T13:26:10","slug":"kontakt","status":"publish","type":"page","link":"https:\/\/proteaslapalma.com\/de\/kontakt\/","title":{"rendered":"KONTAKT"},"content":{"rendered":"<p>[vc_row][vc_column width=&#8220;1\/2&#8243;][vc_column_text]Pr\u00f3teas de La Palma Sociedad Cooperativa<br \/>\nAvenida Europa 12 &#8211; 38710 Bre\u00f1a Alta<br \/>\nLa Palma &#8211; Canarias<br \/>\nTelefon: 0034 922 415 610<br \/>\nPr\u00e4sident: Enrique Huertas L\u00f3pez<br \/>\nKommerziell: Francisco N. Molina Gonz\u00e1lez<\/p>\n<p>Auf den vorherigen Seiten haben wir versucht Ihnen soviel als m\u00f6glich Information \u00fcber unsere Kooperative, Kulturen, Sorten und Export zu geben.<\/p>\n<p>Wenn Sie uns kontaktieren wollen um mehr zu erfahren, Sie k\u00f6nnen uns auch eine email senden: fran@proteaslapalma.com, oder proteaslapalma@proteaslapalma.com<\/p>\n<p>In jedem Fall bekommen Sie schnellst m\u00f6glich Antwort von uns.<\/p>\n<p>[\/vc_column_text][\/vc_column][vc_column width=&#8220;1\/2&#8243;][vc_gmaps link=&#8220;#E-8_JTNDaWZyYW1lJTIwc3JjJTNEJTIyaHR0cHMlM0ElMkYlMkZ3d3cuZ29vZ2xlLmNvbSUyRm1hcHMlMkZlbWJlZCUzRnBiJTNEJTIxMW0xOCUyMTFtMTIlMjExbTMlMjExZDM1MDAuNDcxNjMyMTY1OTcyJTIxMmQtMTcuNzkyOTI4NDQ5MDQyMTI2JTIxM2QyOC42NzU1MzUxODg3OTcyOCUyMTJtMyUyMTFmMCUyMTJmMCUyMTNmMCUyMTNtMiUyMTFpMTAyNCUyMTJpNzY4JTIxNGYxMy4xJTIxM20zJTIxMW0yJTIxMXMweDAlMjUzQTB4ODA3MWMxYzIxMmE4NmVmNSUyMTJzU29jaWVkYWQlMkJDb29wZXJhdGl2YSUyQlByb3RlYXMlMjE1ZTAlMjEzbTIlMjExc2VzJTIxMnNlcyUyMTR2MTUwMTA2NzYwNTA5NSUyMiUyMHdpZHRoJTNEJTIyMTAwJTI1JTIyJTIwaGVpZ2h0JTNEJTIyNDUwcHglMjIlMjBmcmFtZWJvcmRlciUzRCUyMjAlMjIlMjBzdHlsZSUzRCUyMmJvcmRlciUzQTAlMjIlMjBhbGxvd2Z1bGxzY3JlZW4lM0UlM0MlMkZpZnJhbWUlM0U=&#8220;][\/vc_column][\/vc_row]<\/p>\n","protected":false},"excerpt":{"rendered":"<p>[vc_row][vc_column width=&#8220;1\/2&#8243;][vc_column_text]Pr\u00f3teas de La Palma Sociedad Cooperativa Avenida Europa 12 &#8211; 38710 Bre\u00f1a Alta La Palma &#8211; Canarias Telefon: 0034 922 415 610 Pr\u00e4sident: Enrique Huertas L\u00f3pez Kommerziell: Francisco N. Molina Gonz\u00e1lez Auf den vorherigen Seiten haben wir versucht Ihnen soviel als m\u00f6glich Information \u00fcber unsere Kooperative, Kulturen, Sorten und Export zu geben. Wenn Sie&nbsp;<\/p>\n","protected":false},"author":1,"featured_media":0,"parent":0,"menu_order":0,"comment_status":"open","ping_status":"open","template":"","meta":[],"yoast_head":"<!-- This site is optimized with the Yoast SEO plugin v19.4 - https:\/\/yoast.com\/wordpress\/plugins\/seo\/ -->\n<title>KONTAKT - Proteas La Palma<\/title>\n<meta name=\"robots\" content=\"index, follow, max-snippet:-1, max-image-preview:large, max-video-preview:-1\" \/>\n<link rel=\"canonical\" href=\"https:\/\/proteaslapalma.com\/de\/kontakt\/\" \/>\n<meta property=\"og:locale\" content=\"de_DE\" \/>\n<meta property=\"og:type\" content=\"article\" \/>\n<meta property=\"og:title\" content=\"KONTAKT - Proteas La Palma\" \/>\n<meta property=\"og:description\" content=\"[vc_row][vc_column width=&#8220;1\/2&#8243;][vc_column_text]Pr\u00f3teas de La Palma Sociedad Cooperativa Avenida Europa 12 &#8211; 38710 Bre\u00f1a Alta La Palma &#8211; Canarias Telefon: 0034 922 415 610 Pr\u00e4sident: Enrique Huertas L\u00f3pez Kommerziell: Francisco N. Molina Gonz\u00e1lez Auf den vorherigen Seiten haben wir versucht Ihnen soviel als m\u00f6glich Information \u00fcber unsere Kooperative, Kulturen, Sorten und Export zu geben. Wenn Sie&nbsp;\" \/>\n<meta property=\"og:url\" content=\"https:\/\/proteaslapalma.com\/de\/kontakt\/\" \/>\n<meta property=\"og:site_name\" content=\"Proteas La Palma\" \/>\n<meta property=\"article:modified_time\" content=\"2018-07-17T13:26:10+00:00\" \/>\n<meta name=\"twitter:card\" content=\"summary_large_image\" \/>\n<meta name=\"twitter:label1\" content=\"Gesch\u00e4tzte Lesezeit\" \/>\n\t<meta name=\"twitter:data1\" content=\"1\u00a0Minute\" \/>\n<script type=\"application\/ld+json\" class=\"yoast-schema-graph\">{\"@context\":\"https:\/\/schema.org\",\"@graph\":[{\"@type\":\"WebSite\",\"@id\":\"https:\/\/proteaslapalma.com\/#website\",\"url\":\"https:\/\/proteaslapalma.com\/\",\"name\":\"Proteas La Palma\",\"description\":\"Pr\u00f3teas de la Palma cooperativa de la Isla de La Palma, Canarias\",\"potentialAction\":[{\"@type\":\"SearchAction\",\"target\":{\"@type\":\"EntryPoint\",\"urlTemplate\":\"https:\/\/proteaslapalma.com\/?s={search_term_string}\"},\"query-input\":\"required name=search_term_string\"}],\"inLanguage\":\"de\"},{\"@type\":\"WebPage\",\"@id\":\"https:\/\/proteaslapalma.com\/de\/kontakt\/\",\"url\":\"https:\/\/proteaslapalma.com\/de\/kontakt\/\",\"name\":\"KONTAKT - Proteas La Palma\",\"isPartOf\":{\"@id\":\"https:\/\/proteaslapalma.com\/#website\"},\"datePublished\":\"2012-06-14T07:42:48+00:00\",\"dateModified\":\"2018-07-17T13:26:10+00:00\",\"breadcrumb\":{\"@id\":\"https:\/\/proteaslapalma.com\/de\/kontakt\/#breadcrumb\"},\"inLanguage\":\"de\",\"potentialAction\":[{\"@type\":\"ReadAction\",\"target\":[\"https:\/\/proteaslapalma.com\/de\/kontakt\/\"]}]},{\"@type\":\"BreadcrumbList\",\"@id\":\"https:\/\/proteaslapalma.com\/de\/kontakt\/#breadcrumb\",\"itemListElement\":[{\"@type\":\"ListItem\",\"position\":1,\"name\":\"Portada\",\"item\":\"https:\/\/proteaslapalma.com\/de\/\"},{\"@type\":\"ListItem\",\"position\":2,\"name\":\"KONTAKT\"}]}]}<\/script>\n<!-- \/ Yoast SEO plugin. -->","yoast_head_json":{"title":"KONTAKT - Proteas La Palma","robots":{"index":"index","follow":"follow","max-snippet":"max-snippet:-1","max-image-preview":"max-image-preview:large","max-video-preview":"max-video-preview:-1"},"canonical":"https:\/\/proteaslapalma.com\/de\/kontakt\/","og_locale":"de_DE","og_type":"article","og_title":"KONTAKT - Proteas La Palma","og_description":"[vc_row][vc_column width=&#8220;1\/2&#8243;][vc_column_text]Pr\u00f3teas de La Palma Sociedad Cooperativa Avenida Europa 12 &#8211; 38710 Bre\u00f1a Alta La Palma &#8211; Canarias Telefon: 0034 922 415 610 Pr\u00e4sident: Enrique Huertas L\u00f3pez Kommerziell: Francisco N. Molina Gonz\u00e1lez Auf den vorherigen Seiten haben wir versucht Ihnen soviel als m\u00f6glich Information \u00fcber unsere Kooperative, Kulturen, Sorten und Export zu geben. Wenn Sie&nbsp;","og_url":"https:\/\/proteaslapalma.com\/de\/kontakt\/","og_site_name":"Proteas La Palma","article_modified_time":"2018-07-17T13:26:10+00:00","twitter_card":"summary_large_image","twitter_misc":{"Gesch\u00e4tzte Lesezeit":"1\u00a0Minute"},"schema":{"@context":"https:\/\/schema.org","@graph":[{"@type":"WebSite","@id":"https:\/\/proteaslapalma.com\/#website","url":"https:\/\/proteaslapalma.com\/","name":"Proteas La Palma","description":"Pr\u00f3teas de la Palma cooperativa de la Isla de La Palma, Canarias","potentialAction":[{"@type":"SearchAction","target":{"@type":"EntryPoint","urlTemplate":"https:\/\/proteaslapalma.com\/?s={search_term_string}"},"query-input":"required name=search_term_string"}],"inLanguage":"de"},{"@type":"WebPage","@id":"https:\/\/proteaslapalma.com\/de\/kontakt\/","url":"https:\/\/proteaslapalma.com\/de\/kontakt\/","name":"KONTAKT - Proteas La Palma","isPartOf":{"@id":"https:\/\/proteaslapalma.com\/#website"},"datePublished":"2012-06-14T07:42:48+00:00","dateModified":"2018-07-17T13:26:10+00:00","breadcrumb":{"@id":"https:\/\/proteaslapalma.com\/de\/kontakt\/#breadcrumb"},"inLanguage":"de","potentialAction":[{"@type":"ReadAction","target":["https:\/\/proteaslapalma.com\/de\/kontakt\/"]}]},{"@type":"BreadcrumbList","@id":"https:\/\/proteaslapalma.com\/de\/kontakt\/#breadcrumb","itemListElement":[{"@type":"ListItem","position":1,"name":"Portada","item":"https:\/\/proteaslapalma.com\/de\/"},{"@type":"ListItem","position":2,"name":"KONTAKT"}]}]}},"_links":{"self":[{"href":"https:\/\/proteaslapalma.com\/de\/wp-json\/wp\/v2\/pages\/119"}],"collection":[{"href":"https:\/\/proteaslapalma.com\/de\/wp-json\/wp\/v2\/pages"}],"about":[{"href":"https:\/\/proteaslapalma.com\/de\/wp-json\/wp\/v2\/types\/page"}],"author":[{"embeddable":true,"href":"https:\/\/proteaslapalma.com\/de\/wp-json\/wp\/v2\/users\/1"}],"replies":[{"embeddable":true,"href":"https:\/\/proteaslapalma.com\/de\/wp-json\/wp\/v2\/comments?post=119"}],"version-history":[{"count":0,"href":"https:\/\/proteaslapalma.com\/de\/wp-json\/wp\/v2\/pages\/119\/revisions"}],"wp:attachment":[{"href":"https:\/\/proteaslapalma.com\/de\/wp-json\/wp\/v2\/media?parent=119"}],"curies":[{"name":"wp","href":"https:\/\/api.w.org\/{rel}","templated":true}]}}